{"id":3026,"date":"2022-04-22T09:15:07","date_gmt":"2022-04-22T07:15:07","guid":{"rendered":"https:\/\/c2019.lemma-ing.com\/?page_id=3026"},"modified":"2022-04-22T10:02:39","modified_gmt":"2022-04-22T08:02:39","slug":"legal-for-lemma","status":"publish","type":"page","link":"https:\/\/www.lemma-ing.com\/?page_id=3026","title":{"rendered":"Legal"},"content":{"rendered":"<div class=\"su-row\"><div class=\"su-column su-column-size-1-2\"><div class=\"su-column-inner su-u-clearfix su-u-trim\">\n<p><strong data-rich-text-format-boundary=\"true\">Propri\u00e9taire du site internet :<\/strong><br data-rich-text-line-break=\"true\" \/>LEMMA<\/p>\n<p><strong data-rich-text-format-boundary=\"true\">Adresse<\/strong>\u00a0: <br data-rich-text-line-break=\"true\" \/>2000 Route des Lucioles<br data-rich-text-line-break=\"true\" \/>Les Algorithmes &#8211; B\u00e2timent le Thales &#8211; Entr\u00e9e A<br data-rich-text-line-break=\"true\" \/>06410 BIOT &#8211; FRANCE<\/p>\n<p><strong data-rich-text-format-boundary=\"true\">T\u00e9l\u00e9phone<\/strong>\u00a0: +33 (0)4 93 90 53 90<\/p>\n<p><strong data-rich-text-format-boundary=\"true\">T\u00e9l\u00e9copie<\/strong>\u00a0: +33 (0)4 93 33 00 14<\/p>\n<p><strong data-rich-text-format-boundary=\"true\">RCS Antibes<\/strong>\u00a0: B 435333323<\/p>\n<p><strong data-rich-text-format-boundary=\"true\">N\u00b0 TVA Intra communautaire<\/strong>\u00a0: FR 32435333323<\/p>\n<p><strong data-rich-text-format-boundary=\"true\">e.mail<\/strong>\u00a0: website_ct@lemma-ing.com<\/p>\n<p><strong data-rich-text-format-boundary=\"true\">Cr\u00e9ateur du site internet :<\/strong><br data-rich-text-line-break=\"true\" \/>LEMMA<\/p>\n<p><strong data-rich-text-format-boundary=\"true\">H\u00e9bergement du site internet :<\/strong><br data-rich-text-line-break=\"true\" \/>EDV-Beratung Schmiedl<br data-rich-text-line-break=\"true\" \/>Berghangstr. 5<br data-rich-text-line-break=\"true\" \/>93413 Cham<br data-rich-text-line-break=\"true\" \/>Germany<br data-rich-text-line-break=\"true\" \/>N\u00b0 TVA Intra communautaire: DE 201310290<\/p>\n<p><strong data-rich-text-format-boundary=\"true\">Responsable de publication :<\/strong><br data-rich-text-line-break=\"true\" \/><strong>Directeur de publication :<\/strong><br data-rich-text-line-break=\"true\" \/>LEMMA<\/p>\n<p><em data-rich-text-format-boundary=\"true\">Si vous remarquez une erreur ou un lien erron\u00e9 sur ce site, merci de nous contacter.<\/em><\/p>\n<\/div><\/div><div class=\"su-column su-column-size-1-2\"><div class=\"su-column-inner su-u-clearfix su-u-trim\">\n<p><strong>Droit d\u2019auteur et propri\u00e9t\u00e9 intellectuelle :<\/strong><\/p>\n<p>Le pr\u00e9sent site rel\u00e8ve de la l\u00e9gislation fran\u00e7aise sur le droit d\u2019auteur et la propri\u00e9t\u00e9 intellectuelle.<\/p>\n<p>En application de la loi du 11 mars 1957 (article 41) et du code de la propri\u00e9t\u00e9 intellectuelle du 1er juillet 1992, toute repr\u00e9sentation, reproduction, modification, utilisation commerciale, partielle ou totale ainsi que tout transfert vers un autre site sont interdits, sauf autorisation de LEMMA.<\/p>\n<p>Les logos visuels et PDF sur ce site sont la propri\u00e9t\u00e9 de la soci\u00e9t\u00e9 LEMMA.<\/p>\n<p>Toute reproduction int\u00e9grale ou partielle de ce site ou de l\u2019un des \u00e9l\u00e9ments qui le compose est interdite.<\/p>\n<p>La soci\u00e9t\u00e9 LEMMA se r\u00e9serve le droit de demander des dommages et int\u00e9r\u00eats en cas de contrefa\u00e7on et plus g\u00e9n\u00e9ralement d\u2019atteinte \u00e0 ses droits de propri\u00e9t\u00e9 intellectuelle.<\/p>\n<p><strong>Gestion des liens :<\/strong><\/p>\n<p>Le site peut contenir des liens vers d\u2019autres sites web ou d\u2019autres sources internet.<\/p>\n<p>Dans la mesure o\u00f9 la soci\u00e9t\u00e9 LEMMA ne peut contr\u00f4ler ces sites et ces sources externes, la soci\u00e9t\u00e9 ne peut \u00eatre tenue pour responsable de la mise \u00e0 disposition de ces sites et sources externes, et ne peut supporter aucune responsabilit\u00e9 quant au contenu, publicit\u00e9, produit, service ou tout autre mat\u00e9riel disponible sur \/ ou \u00e0 partir de ces sites ou sources externes.<\/p>\n<p>L\u2019internaute reconnait que l\u2019utilisation du site internet de la soci\u00e9t\u00e9 LEMMA est r\u00e9gie par le droit fran\u00e7ais (r\u00e9glement\u00e9e par la loi num\u00e9ro 2004-575 du 21 juin 2004 pour la confiance dans l\u2019\u00e9conomie num\u00e9rique).<\/p>\n<div>\n<\/div><\/div>\n<\/div>\n<\/div>\n<div>\u00a0<\/div>\n<p>\u00a0<\/p>\n\n\n<p><\/p>\n","protected":false},"excerpt":{"rendered":"<p>\u00a0 \u00a0<\/p>\n","protected":false},"author":229,"featured_media":0,"parent":0,"menu_order":0,"comment_status":"closed","ping_status":"closed","template":"full-width.php","meta":{"footnotes":""},"class_list":["post-3026","page","type-page","status-publish","hentry"],"jetpack_sharing_enabled":true,"_links":{"self":[{"href":"https:\/\/www.lemma-ing.com\/index.php?rest_route=\/wp\/v2\/pages\/3026","targetHints":{"allow":["GET"]}}],"collection":[{"href":"https:\/\/www.lemma-ing.com\/index.php?rest_route=\/wp\/v2\/pages"}],"about":[{"href":"https:\/\/www.lemma-ing.com\/index.php?rest_route=\/wp\/v2\/types\/page"}],"author":[{"embeddable":true,"href":"https:\/\/www.lemma-ing.com\/index.php?rest_route=\/wp\/v2\/users\/229"}],"replies":[{"embeddable":true,"href":"https:\/\/www.lemma-ing.com\/index.php?rest_route=%2Fwp%2Fv2%2Fcomments&post=3026"}],"version-history":[{"count":11,"href":"https:\/\/www.lemma-ing.com\/index.php?rest_route=\/wp\/v2\/pages\/3026\/revisions"}],"predecessor-version":[{"id":3039,"href":"https:\/\/www.lemma-ing.com\/index.php?rest_route=\/wp\/v2\/pages\/3026\/revisions\/3039"}],"wp:attachment":[{"href":"https:\/\/www.lemma-ing.com\/index.php?rest_route=%2Fwp%2Fv2%2Fmedia&parent=3026"}],"curies":[{"name":"wp","href":"https:\/\/api.w.org\/{rel}","templated":true}]}}