{"id":2977,"date":"2020-07-20T17:38:21","date_gmt":"2020-07-20T15:38:21","guid":{"rendered":"https:\/\/c2019.lemma-ing.com\/?page_id=2977"},"modified":"2023-06-06T15:49:36","modified_gmt":"2023-06-06T13:49:36","slug":"they-support-us","status":"publish","type":"page","link":"https:\/\/www.lemma-ing.com\/?page_id=2977","title":{"rendered":"They support us"},"content":{"rendered":"<div>\n<hr style=\"margin-bottom: 2em; margin-top: 1em;\" \/>\n<\/div>\n<div>\n<h2>i-D\u00e9mo NiceFlow Design project<\/h2>\n<ul>\n<li><strong>Duration : <\/strong> 2022 &#8211; 2027<\/li>\n<li><strong>Leader : <\/strong> Lemma<\/li>\n<li><strong>Description : <\/strong> the project will produce a prototype of general purpose CFD software allowing, with advanced methods, to obtain a more precise, faster and very easy optimization of shapes.<\/li>\n<li><strong>Funding : <\/strong> Ce projet a \u00e9t\u00e9 financ\u00e9 par le gouvernement dans le cadre de France 2030 et par l\u2019Union europ\u00e9enne &#8211; Next Generation EU<\/li>\n<\/ul>\n<div class=\"su-row\">\n<div class=\"su-column su-column-size-1-2\"><div class=\"su-column-inner su-u-clearfix su-u-trim\">\n<img decoding=\"async\" class=\"alignright\" src=\"https:\/\/www.lemma-ing.com\/wp-content\/uploads\/Logotype-rouge-bleu.png\" alt=\"France 2030\" width=\"125\" \/><br \/>\n<\/div><\/div>\n<div class=\"su-column su-column-size-1-2\"><div class=\"su-column-inner su-u-clearfix su-u-trim\">\n<img decoding=\"async\" class=\"alignleft\" src=\"https:\/\/www.lemma-ing.com\/wp-content\/uploads\/NextGenerationEU.png\" alt=\"Next Generation EU\" width=\"250\" \/><br \/>\n<\/div><\/div>\n<\/div>\n<\/div>\n<div>\n<hr style=\"margin-bottom: 2em; margin-top: 1em;\" \/>\n<\/div>\n<div>\n<h2>Feder Navoptim project<\/h2>\n<ul>\n<li><strong>Duration : <\/strong> 2019 &#8211; 2022<\/li>\n<li><strong>Leader : <\/strong> Lemma<\/li>\n<li><strong>Description : <\/strong> provide a numerical design tool to develop optimal shapes for floating objects (boat, floating wind turbine platform, wave power device, &#8230;) in swell conditions.<\/li>\n<li><strong>Funding : <\/strong> Projet financ\u00e9 avec le concours de l\u2019Union europ\u00e9enne avec le Fonds Europ\u00e9en de D\u00e9veloppement R\u00e9gional (Feder) pour un montant de 489 321,69 \u20ac<\/li>\n<\/ul>\n<p><img decoding=\"async\" class=\"aligncenter\" src=\"\/wp-content\/uploads\/Logo-FEDER-regionsud.png\" alt=\"Union Europ\u00e9enne and R\u00e9gion Sud Provence Alpes C\u00f4te d'Azur\" width=\"350\" \/><\/p>\n<\/div>\n<div>\n<hr style=\"margin-bottom: 2em; margin-top: 1em;\" \/>\n<\/div>\n<h2>iTechVol FUI project<\/h2>\n<ul>\n<li><strong>Duration : <\/strong> 2017 &#8211; 2021<\/li>\n<li><strong>Leader : <\/strong> Euralis<\/li>\n<li><strong>Partners : <\/strong> Lemma, MixScience, Grimaud Fr\u00e8res S\u00e9lection, Ferme exp\u00e9rimentale de l&#8217;Oie et du Canard, UMR GenPhySe, UMR NuM\u00e9a, INRA UEPFG<\/li>\n<li><strong>Description : <\/strong> progress has been noted on the conditions of breeding within poultry holdings. The iTechVOL project aims to continue these advances and propose improvements in the management of festive poultry, in particular through a multi-parameter study. The new technical route will incorporate the latest innovations in the sector and will be a springboard to energize the sectors.<\/li>\n<li><strong>Funding : <\/strong><\/li>\n<\/ul>\n<div class=\"su-row\">\n<div class=\"su-column su-column-size-1-2\"><div class=\"su-column-inner su-u-clearfix su-u-trim\">\n<img decoding=\"async\" class=\"alignright\" src=\"\/wp-content\/uploads\/Logo-regionoccitanie.png\" alt=\"La R\u00e9gion Occitanie Pyr\u00e9n\u00e9es - M\u00e9diterran\u00e9e\" width=\"125\" \/><br \/>\n<\/div><\/div>\n<div class=\"su-column su-column-size-1-2\"><div class=\"su-column-inner su-u-clearfix su-u-trim\">\n<img decoding=\"async\" class=\"alignleft\" src=\"\/wp-content\/uploads\/Logo-BPI.png\" alt=\"BPI France\" width=\"250\" \/><br \/>\n<\/div><\/div>\n<\/div>\n<div>\n<hr style=\"margin-bottom: 2em; margin-top: 1em;\" \/>\n<\/div>\n<div>\n<h2>Readynov 2017 &#8211; Materials and processes for Aeronautics &#8211; Take Two project<\/h2>\n<ul>\n<li><strong>Duration : <\/strong> 2018 &#8211; 2020<\/li>\n<li><strong>Partners : <\/strong> Lemma, Nimitech<\/li>\n<li><strong>Description : <\/strong> development of a digital simulation tool for modeling the entire manufacturing chain of a composite part, from its constituents to its use, including the manufacturing process.<\/li>\n<li><strong>Funding : <\/strong><\/li>\n<\/ul>\n<p><img decoding=\"async\" class=\"aligncenter\" src=\"\/wp-content\/uploads\/Logo-regionoccitanie.png\" alt=\"La R\u00e9gion Occitanie Pyr\u00e9n\u00e9es - M\u00e9diterran\u00e9e\" width=\"125\" \/><\/p>\n<\/div>\n","protected":false},"excerpt":{"rendered":"<p>i-D\u00e9mo NiceFlow Design project Duration : 2022 &#8211; 2027 Leader : Lemma Description : the project will produce a prototype of general purpose CFD software allowing, with advanced methods, to obtain a more precise, faster and very easy optimization of shapes. Funding : Ce projet a \u00e9t\u00e9 financ\u00e9 par le gouvernement dans le cadre de&#8230; <\/p>\n","protected":false},"author":230,"featured_media":0,"parent":24,"menu_order":0,"comment_status":"closed","ping_status":"closed","template":"full-width.php","meta":{"footnotes":""},"class_list":["post-2977","page","type-page","status-publish","hentry"],"jetpack_sharing_enabled":true,"_links":{"self":[{"href":"https:\/\/www.lemma-ing.com\/index.php?rest_route=\/wp\/v2\/pages\/2977","targetHints":{"allow":["GET"]}}],"collection":[{"href":"https:\/\/www.lemma-ing.com\/index.php?rest_route=\/wp\/v2\/pages"}],"about":[{"href":"https:\/\/www.lemma-ing.com\/index.php?rest_route=\/wp\/v2\/types\/page"}],"author":[{"embeddable":true,"href":"https:\/\/www.lemma-ing.com\/index.php?rest_route=\/wp\/v2\/users\/230"}],"replies":[{"embeddable":true,"href":"https:\/\/www.lemma-ing.com\/index.php?rest_route=%2Fwp%2Fv2%2Fcomments&post=2977"}],"version-history":[{"count":12,"href":"https:\/\/www.lemma-ing.com\/index.php?rest_route=\/wp\/v2\/pages\/2977\/revisions"}],"predecessor-version":[{"id":3143,"href":"https:\/\/www.lemma-ing.com\/index.php?rest_route=\/wp\/v2\/pages\/2977\/revisions\/3143"}],"up":[{"embeddable":true,"href":"https:\/\/www.lemma-ing.com\/index.php?rest_route=\/wp\/v2\/pages\/24"}],"wp:attachment":[{"href":"https:\/\/www.lemma-ing.com\/index.php?rest_route=%2Fwp%2Fv2%2Fmedia&parent=2977"}],"curies":[{"name":"wp","href":"https:\/\/api.w.org\/{rel}","templated":true}]}}